{"id":557,"date":"2022-05-03T08:10:40","date_gmt":"2022-05-03T08:10:40","guid":{"rendered":"https:\/\/pastatuelektronika.lt\/index.php\/our-story\/"},"modified":"2025-12-22T21:51:00","modified_gmt":"2025-12-22T19:51:00","slug":"karjera","status":"publish","type":"page","link":"https:\/\/pastatuelektronika.lt\/index.php\/verslui\/karjera\/","title":{"rendered":"Karjera"},"content":{"rendered":"\t\t<div data-elementor-type=\"wp-page\" data-elementor-id=\"557\" class=\"elementor elementor-557\">\n\t\t\t\t\t\t<section class=\"elementor-section elementor-top-section elementor-element elementor-element-38ab3a08 elementor-section-full_width elementor-section-content-middle elementor-reverse-mobile elementor-section-height-min-height elementor-section-items-stretch elementor-section-height-default\" data-id=\"38ab3a08\" data-element_type=\"section\" data-e-type=\"section\" data-settings=\"{&quot;background_background&quot;:&quot;slideshow&quot;,&quot;background_slideshow_gallery&quot;:[],&quot;background_slideshow_loop&quot;:&quot;yes&quot;,&quot;background_slideshow_slide_duration&quot;:5000,&quot;background_slideshow_slide_transition&quot;:&quot;fade&quot;,&quot;background_slideshow_transition_duration&quot;:500}\">\n\t\t\t\t\t\t<div class=\"elementor-container elementor-column-gap-no\">\n\t\t\t\t\t<div class=\"elementor-column elementor-col-50 elementor-top-column elementor-element elementor-element-6aaab7f5 elementor-invisible\" data-id=\"6aaab7f5\" data-element_type=\"column\" data-e-type=\"column\" data-settings=\"{&quot;background_background&quot;:&quot;classic&quot;,&quot;animation&quot;:&quot;slideInUp&quot;}\">\n\t\t\t<div class=\"elementor-widget-wrap elementor-element-populated\">\n\t\t\t\t\t\t<div class=\"elementor-element elementor-element-4ce127d7 elementor-widget elementor-widget-spacer\" data-id=\"4ce127d7\" data-element_type=\"widget\" data-e-type=\"widget\" data-widget_type=\"spacer.default\">\n\t\t\t\t<div class=\"elementor-widget-container\">\n\t\t\t\t\t\t\t<div class=\"elementor-spacer\">\n\t\t\t<div class=\"elementor-spacer-inner\"><\/div>\n\t\t<\/div>\n\t\t\t\t\t\t<\/div>\n\t\t\t\t<\/div>\n\t\t\t\t\t<\/div>\n\t\t<\/div>\n\t\t\t\t<div class=\"elementor-column elementor-col-50 elementor-top-column elementor-element elementor-element-73cf2fcf\" data-id=\"73cf2fcf\" data-element_type=\"column\" data-e-type=\"column\">\n\t\t\t<div class=\"elementor-widget-wrap elementor-element-populated\">\n\t\t\t\t\t\t<div class=\"elementor-element elementor-element-2e8edef3 elementor-widget elementor-widget-heading\" data-id=\"2e8edef3\" data-element_type=\"widget\" data-e-type=\"widget\" data-widget_type=\"heading.default\">\n\t\t\t\t<div class=\"elementor-widget-container\">\n\t\t\t\t\t<h5 class=\"elementor-heading-title elementor-size-default\">Prisijunk prie m\u016bs\u0173!<\/h5>\t\t\t\t<\/div>\n\t\t\t\t<\/div>\n\t\t\t\t<div class=\"elementor-element elementor-element-374eb28a elementor-invisible elementor-widget elementor-widget-heading\" data-id=\"374eb28a\" data-element_type=\"widget\" data-e-type=\"widget\" data-settings=\"{&quot;_animation&quot;:&quot;fadeIn&quot;}\" data-widget_type=\"heading.default\">\n\t\t\t\t<div class=\"elementor-widget-container\">\n\t\t\t\t\t<h1 class=\"elementor-heading-title elementor-size-xxl\">KARJERA!<\/h1>\t\t\t\t<\/div>\n\t\t\t\t<\/div>\n\t\t\t\t<div class=\"elementor-element elementor-element-4166578b elementor-invisible elementor-widget elementor-widget-text-editor\" data-id=\"4166578b\" data-element_type=\"widget\" data-e-type=\"widget\" data-settings=\"{&quot;_animation&quot;:&quot;fadeIn&quot;,&quot;_animation_delay&quot;:400}\" data-widget_type=\"text-editor.default\">\n\t\t\t\t<div class=\"elementor-widget-container\">\n\t\t\t\t\t\t\t\t\t<p><strong>Ie\u0161kome tav\u0119s Kaune!<\/strong><\/p><p>\u00a0<\/p><p>Montuotojo &#8211; in\u017einieriaus<\/p><p>Administratoriaus<\/p><p>Pardavim\u0173 vadybininko<\/p>\t\t\t\t\t\t\t\t<\/div>\n\t\t\t\t<\/div>\n\t\t\t\t\t<\/div>\n\t\t<\/div>\n\t\t\t\t\t<\/div>\n\t\t<\/section>\n\t\t\t\t<section class=\"elementor-section elementor-top-section elementor-element elementor-element-5f68edd8 elementor-section-full_width elementor-section-content-middle elementor-section-height-min-height elementor-section-items-stretch elementor-section-height-default\" data-id=\"5f68edd8\" data-element_type=\"section\" data-e-type=\"section\">\n\t\t\t\t\t\t<div class=\"elementor-container elementor-column-gap-no\">\n\t\t\t\t\t<div class=\"elementor-column elementor-col-50 elementor-top-column elementor-element elementor-element-458cf77f\" data-id=\"458cf77f\" data-element_type=\"column\" data-e-type=\"column\">\n\t\t\t<div class=\"elementor-widget-wrap elementor-element-populated\">\n\t\t\t\t\t\t<div class=\"elementor-element elementor-element-4662ac50 elementor-widget elementor-widget-heading\" data-id=\"4662ac50\" data-element_type=\"widget\" data-e-type=\"widget\" data-widget_type=\"heading.default\">\n\t\t\t\t<div class=\"elementor-widget-container\">\n\t\t\t\t\t<h1 class=\"elementor-heading-title elementor-size-xxl\">KOD\u0116L DIRBTI SU MUMIS?<\/h1>\t\t\t\t<\/div>\n\t\t\t\t<\/div>\n\t\t\t\t<div class=\"elementor-element elementor-element-797a3e8 elementor-widget elementor-widget-text-editor\" data-id=\"797a3e8\" data-element_type=\"widget\" data-e-type=\"widget\" data-widget_type=\"text-editor.default\">\n\t\t\t\t<div class=\"elementor-widget-container\">\n\t\t\t\t\t\t\t\t\t<ol>\n<li>\n<h5>Socialiai atsakinga \u012fmon\u0117<\/h5>\n<\/li>\n<li>\n<h5>\u012emon\u0117s transporto priemoni\u0173 baz\u0117<\/h5>\n<\/li>\n<li>\n<h5>Profesionalios darbo priemon\u0117s<\/h5>\n<\/li>\n<li>\n<h5>Kvalifikacijos k\u0117limo kursai<\/h5>\n<\/li>\n<li>\n<h5>\u012edomus ir dinami\u0161kas darbas<\/h5>\n<\/li>\n<li>\n<h5>In\u017einieri\u0173 profesional\u0173 kolektyvas<\/h5>\n<\/li>\n<li>\n<h5>Galimos lank\u0161\u010dios darbo s\u0105lygos<\/h5>\n<\/li>\n<\/ol>\t\t\t\t\t\t\t\t<\/div>\n\t\t\t\t<\/div>\n\t\t\t\t\t<\/div>\n\t\t<\/div>\n\t\t\t\t<div class=\"elementor-column elementor-col-50 elementor-top-column elementor-element elementor-element-1502a6c1\" data-id=\"1502a6c1\" data-element_type=\"column\" data-e-type=\"column\" data-settings=\"{&quot;background_background&quot;:&quot;classic&quot;}\">\n\t\t\t<div class=\"elementor-widget-wrap elementor-element-populated\">\n\t\t\t\t\t\t<div class=\"elementor-element elementor-element-64aed2e elementor-widget__width-initial elementor-invisible elementor-widget elementor-widget-image\" data-id=\"64aed2e\" data-element_type=\"widget\" data-e-type=\"widget\" data-settings=\"{&quot;_animation&quot;:&quot;slideInUp&quot;}\" data-widget_type=\"image.default\">\n\t\t\t\t<div class=\"elementor-widget-container\">\n\t\t\t\t\t\t\t\t\t\t\t\t\t\t\t<img fetchpriority=\"high\" decoding=\"async\" width=\"800\" height=\"800\" src=\"https:\/\/pastatuelektronika.lt\/wp-content\/uploads\/2025\/09\/ChatGPT-Image-Sep-19-2025-at-02_51_10-PM.png\" class=\"attachment-large size-large wp-image-1958\" alt=\"\" srcset=\"https:\/\/pastatuelektronika.lt\/wp-content\/uploads\/2025\/09\/ChatGPT-Image-Sep-19-2025-at-02_51_10-PM.png 1024w, https:\/\/pastatuelektronika.lt\/wp-content\/uploads\/2025\/09\/ChatGPT-Image-Sep-19-2025-at-02_51_10-PM-300x300.png 300w, https:\/\/pastatuelektronika.lt\/wp-content\/uploads\/2025\/09\/ChatGPT-Image-Sep-19-2025-at-02_51_10-PM-150x150.png 150w, https:\/\/pastatuelektronika.lt\/wp-content\/uploads\/2025\/09\/ChatGPT-Image-Sep-19-2025-at-02_51_10-PM-768x768.png 768w\" sizes=\"(max-width: 800px) 100vw, 800px\" \/>\t\t\t\t\t\t\t\t\t\t\t\t\t\t\t<\/div>\n\t\t\t\t<\/div>\n\t\t\t\t\t<\/div>\n\t\t<\/div>\n\t\t\t\t\t<\/div>\n\t\t<\/section>\n\t\t\t\t<section class=\"elementor-section elementor-top-section elementor-element elementor-element-c6c48c1 elementor-section-height-min-height elementor-section-boxed elementor-section-height-default elementor-section-items-middle\" data-id=\"c6c48c1\" data-element_type=\"section\" data-e-type=\"section\" data-settings=\"{&quot;background_background&quot;:&quot;gradient&quot;}\">\n\t\t\t\t\t\t<div class=\"elementor-container elementor-column-gap-no\">\n\t\t\t\t\t<div class=\"elementor-column elementor-col-100 elementor-top-column elementor-element elementor-element-6a6d5677\" data-id=\"6a6d5677\" data-element_type=\"column\" data-e-type=\"column\">\n\t\t\t<div class=\"elementor-widget-wrap elementor-element-populated\">\n\t\t\t\t\t\t<div class=\"elementor-element elementor-element-42692944 elementor-widget__width-initial elementor-invisible elementor-widget elementor-widget-heading\" data-id=\"42692944\" data-element_type=\"widget\" data-e-type=\"widget\" data-settings=\"{&quot;_animation&quot;:&quot;fadeIn&quot;}\" data-widget_type=\"heading.default\">\n\t\t\t\t<div class=\"elementor-widget-container\">\n\t\t\t\t\t<h2 class=\"elementor-heading-title elementor-size-default\">AUKITE IR TOBUL\u0116KITE KARTU SU MUMIS!<\/h2>\t\t\t\t<\/div>\n\t\t\t\t<\/div>\n\t\t\t\t<div class=\"elementor-element elementor-element-79dfdc78 elementor-invisible elementor-widget elementor-widget-text-editor\" data-id=\"79dfdc78\" data-element_type=\"widget\" data-e-type=\"widget\" data-settings=\"{&quot;_animation&quot;:&quot;fadeIn&quot;}\" data-widget_type=\"text-editor.default\">\n\t\t\t\t<div class=\"elementor-widget-container\">\n\t\t\t\t\t\t\t\t\t<p>Jei esi ambicingas, darb\u0161tus ir trok\u0161tantis \u012frodyti, kad gali &#8211; esi mums reikalingas!<\/p><p><span style=\"font-size: 1rem; word-spacing: 0em;\">Jeigu turite klausim\u0173, skambinkite<\/span><span style=\"font-size: 1rem; word-spacing: 0em;\">,\u00a0Sauliui: <b>067987635.\u00a0<\/b><\/span><\/p><p>CV si\u0173skite elektroniniu pa\u0161tu: <strong>info@pastatuelektronika.lt<\/strong><\/p><p><span style=\"font-size: 1rem; word-spacing: 0em;\">Jis atsakys \u012f J\u016bs\u0173 klausimus ir papasakos apie tai, kas domina pla\u010diau.\u00a0<\/span><\/p>\t\t\t\t\t\t\t\t<\/div>\n\t\t\t\t<\/div>\n\t\t\t\t\t<\/div>\n\t\t<\/div>\n\t\t\t\t\t<\/div>\n\t\t<\/section>\n\t\t\t\t<section class=\"elementor-section elementor-top-section elementor-element elementor-element-2f90434 elementor-section-boxed elementor-section-height-default elementor-section-height-default\" data-id=\"2f90434\" data-element_type=\"section\" data-e-type=\"section\">\n\t\t\t\t\t\t<div class=\"elementor-container elementor-column-gap-default\">\n\t\t\t\t\t<div class=\"elementor-column elementor-col-100 elementor-top-column elementor-element elementor-element-aece2e1\" data-id=\"aece2e1\" data-element_type=\"column\" data-e-type=\"column\">\n\t\t\t<div class=\"elementor-widget-wrap\">\n\t\t\t\t\t\t\t<\/div>\n\t\t<\/div>\n\t\t\t\t\t<\/div>\n\t\t<\/section>\n\t\t\t\t<\/div>\n\t\t","protected":false},"excerpt":{"rendered":"<p>Prisijunk prie m\u016bs\u0173! KARJERA! Ie\u0161kome tav\u0119s Kaune! \u00a0 Montuotojo &#8211; in\u017einieriaus Administratoriaus Pardavim\u0173 vadybininko KOD\u0116L DIRBTI SU MUMIS? Socialiai atsakinga \u012fmon\u0117 \u012emon\u0117s transporto priemoni\u0173 baz\u0117 Profesionalios darbo priemon\u0117s Kvalifikacijos k\u0117limo kursai \u012edomus ir dinami\u0161kas darbas In\u017einieri\u0173 profesional\u0173 kolektyvas Galimos lank\u0161\u010dios darbo s\u0105lygos AUKITE IR TOBUL\u0116KITE KARTU SU MUMIS! Jei esi ambicingas, darb\u0161tus ir trok\u0161tantis \u012frodyti, [&hellip;]<\/p>\n","protected":false},"author":1,"featured_media":0,"parent":560,"menu_order":0,"comment_status":"closed","ping_status":"closed","template":"elementor_header_footer","meta":{"om_disable_all_campaigns":false,"_monsterinsights_skip_tracking":false,"_monsterinsights_sitenote_active":false,"_monsterinsights_sitenote_note":"","_monsterinsights_sitenote_category":0,"footnotes":""},"class_list":["post-557","page","type-page","status-publish","hentry"],"aioseo_notices":[],"jetpack_sharing_enabled":true,"jetpack-related-posts":[],"_links":{"self":[{"href":"https:\/\/pastatuelektronika.lt\/index.php\/wp-json\/wp\/v2\/pages\/557"}],"collection":[{"href":"https:\/\/pastatuelektronika.lt\/index.php\/wp-json\/wp\/v2\/pages"}],"about":[{"href":"https:\/\/pastatuelektronika.lt\/index.php\/wp-json\/wp\/v2\/types\/page"}],"author":[{"embeddable":true,"href":"https:\/\/pastatuelektronika.lt\/index.php\/wp-json\/wp\/v2\/users\/1"}],"replies":[{"embeddable":true,"href":"https:\/\/pastatuelektronika.lt\/index.php\/wp-json\/wp\/v2\/comments?post=557"}],"version-history":[{"count":114,"href":"https:\/\/pastatuelektronika.lt\/index.php\/wp-json\/wp\/v2\/pages\/557\/revisions"}],"predecessor-version":[{"id":2226,"href":"https:\/\/pastatuelektronika.lt\/index.php\/wp-json\/wp\/v2\/pages\/557\/revisions\/2226"}],"up":[{"embeddable":true,"href":"https:\/\/pastatuelektronika.lt\/index.php\/wp-json\/wp\/v2\/pages\/560"}],"wp:attachment":[{"href":"https:\/\/pastatuelektronika.lt\/index.php\/wp-json\/wp\/v2\/media?parent=557"}],"curies":[{"name":"wp","href":"https:\/\/api.w.org\/{rel}","templated":true}]}}